{"id":102,"date":"2026-01-09T10:32:53","date_gmt":"2026-01-09T10:32:53","guid":{"rendered":"https:\/\/demainsencommun.fr\/?page_id=102"},"modified":"2026-01-14T12:00:23","modified_gmt":"2026-01-14T12:00:23","slug":"consultance-conseil-accompagnement","status":"publish","type":"page","link":"https:\/\/demainsencommun.fr\/?page_id=102","title":{"rendered":"| Etudes \/ Conseils \/ Accompagnement |"},"content":{"rendered":"\n<p><strong><em>Des diagnostics ancr\u00e9s, des d\u00e9marches partag\u00e9es<\/em><\/strong><\/p>\n\n\n\n<p><strong>Objectif ?<\/strong> Guider les <strong>collectivit\u00e9s, bailleurs, associations et acteurs publics ou priv\u00e9s<\/strong> dans leurs projets de transformation \u2014 sociale, organisationnelle, urbaine ou territoriale \u2014 avec une approche \u00e0 la fois&nbsp;<strong>humaine, strat\u00e9gique et op\u00e9rationnelle<\/strong>.<\/p>\n\n\n\n<p>Qu\u2019il s\u2019agisse de&nbsp;<strong>comprendre<\/strong>,&nbsp;<strong>agir<\/strong>&nbsp;ou&nbsp;<strong>ajuster<\/strong>, De Mains en Commun intervient \u00e0 toutes les \u00e9tapes d\u2019un projet :<\/p>\n\n\n\n<ul start=\"1\" class=\"wp-block-list\">\n<li><strong>Diagnostic et recommandations strat\u00e9giques<\/strong><\/li>\n\n\n\n<li><strong>Accompagnement op\u00e9rationnel \u00e0 la mise en \u0153uvre<\/strong><\/li>\n\n\n\n<li><strong>\u00c9valuation et ajustement continus des dispositifs<\/strong><\/li>\n<\/ul>\n\n\n\n<p class=\"has-text-align-left\">Mes interventions s\u2019articulent autour de <strong>quatre axes compl\u00e9mentaires<\/strong>, qui peuvent \u00eatre mobilis\u00e9s s\u00e9par\u00e9ment ou combin\u00e9s selon les besoins.<\/p>\n\n\n\n<div class=\"wp-block-columns has-background is-layout-flex wp-container-core-columns-is-layout-28f84493 wp-block-columns-is-layout-flex\" style=\"border-width:2px;background:linear-gradient(135deg,rgba(7,146,227,0.22) 0%,rgba(155,81,224,0.13) 100%)\">\n<div class=\"wp-block-column is-layout-flow wp-block-column-is-layout-flow\">\n<figure class=\"wp-block-image size-large\"><img fetchpriority=\"high\" decoding=\"async\" width=\"1024\" height=\"683\" src=\"https:\/\/demainsencommun.fr\/wp-content\/uploads\/2025\/10\/image-1-1024x683.png\" alt=\"\" class=\"wp-image-32\" srcset=\"https:\/\/demainsencommun.fr\/wp-content\/uploads\/2025\/10\/image-1-1024x683.png 1024w, https:\/\/demainsencommun.fr\/wp-content\/uploads\/2025\/10\/image-1-300x200.png 300w, https:\/\/demainsencommun.fr\/wp-content\/uploads\/2025\/10\/image-1.png 1536w\" sizes=\"(max-width: 1024px) 100vw, 1024px\" \/><\/figure>\n<\/div>\n\n\n\n<div class=\"wp-block-column is-layout-flow wp-block-column-is-layout-flow\">\n<h2 class=\"wp-block-heading has-text-align-center\"><strong>Observer, comprendre, diagnostiquer<\/strong><\/h2>\n\n\n\n<p class=\"has-text-align-left\">Aller voir, \u00e9couter, observer sans a priori pour r\u00e9v\u00e9ler les besoins, les usages et les perceptions r\u00e9elles. <strong>C\u2019est l\u00e0 que tout commence :<\/strong> par une <strong>compr\u00e9hension fine des v\u00e9cus, des pratiques et des contextes<\/strong>.<br><br>J\u2019\u00e9labore et conduis des <strong>diagnostics participatifs<\/strong> et <strong>enqu\u00eates sociologiques<\/strong> pour \u00e9clairer les d\u00e9cisions publiques ou organisationnelles. Ces d\u00e9marches mobilisent des outils <strong>qualitatifs et quantitatifs<\/strong>, adapt\u00e9s aux publics et aux contextes :<br>&#8211; entretiens individuels et collectifs,<br>&#8211; questionnaires et sondages,<br>&#8211; observations de terrain,<br>&#8211; ateliers participatifs et restitutions partag\u00e9es.<\/p>\n<\/div>\n<\/div>\n\n\n\n<details class=\"wp-block-details is-layout-flow wp-block-details-is-layout-flow\"><summary>\ud83e\udde9 <em><strong>Exemple&nbsp;d&rsquo;un projet conduit <\/strong>: <\/em><\/summary>\n<p><em>Identification et int\u00e9gration des ressortissants \u00e0 la vie du pays pour une meilleure r\u00e9silience et participation \u2014 Programme europ\u00e9en AMIF (Asylum, Migration and Integration Fund) \u2013 Minist\u00e8re de la Famille, de l\u2019Int\u00e9gration et \u00e0 la Grande R\u00e9gion (Luxembourg). <\/em><br>Sur la base de \u201c<strong>D\u00e9tecter, Analyser, Recommander<\/strong>\u201d : 40 entretiens qualitatifs, une cartographie des acteurs, l\u2019identification de profils types selon les situations sociales et la production d\u2019outils pratiques (Rex r\u00e9plicables) \u00e0 destination des associations et agents municipaux, afin de renforcer les politiques locales d\u2019int\u00e9gration et de participation.<\/p>\n<\/details>\n\n\n\n<div class=\"wp-block-columns are-vertically-aligned-center has-background is-layout-flex wp-container-core-columns-is-layout-28f84493 wp-block-columns-is-layout-flex\" style=\"border-width:2px;background:linear-gradient(135deg,rgba(117,227,7,0.29) 0%,rgba(81,215,224,0.23) 99%)\">\n<div class=\"wp-block-column is-vertically-aligned-center is-layout-flow wp-block-column-is-layout-flow\">\n<figure class=\"wp-block-image aligncenter size-full\"><img decoding=\"async\" width=\"1024\" height=\"768\" src=\"https:\/\/demainsencommun.fr\/wp-content\/uploads\/2025\/10\/image-2-edited-1.png\" alt=\"\" class=\"wp-image-35\" srcset=\"https:\/\/demainsencommun.fr\/wp-content\/uploads\/2025\/10\/image-2-edited-1.png 1024w, https:\/\/demainsencommun.fr\/wp-content\/uploads\/2025\/10\/image-2-edited-1-300x225.png 300w\" sizes=\"(max-width: 1024px) 100vw, 1024px\" \/><\/figure>\n<\/div>\n\n\n\n<div class=\"wp-block-column is-vertically-aligned-center is-layout-flow wp-block-column-is-layout-flow\">\n<h2 class=\"wp-block-heading\"><strong>Concevoir et faciliter les projets d\u2019am\u00e9nagement<\/strong><\/h2>\n\n\n\n<p class=\"has-text-align-left\">Cr\u00e9er les conditions d\u2019une <strong>conception partag\u00e9e<\/strong> \u2014 entre d\u00e9cideurs, concepteurs et usagers \u2014 pour que les projets soient pens\u00e9s <em>avec<\/em> et <em>pour<\/em> celles et ceux qui les vivront.<br><br>Je m\u00e8ne des missions d\u2019<strong>Assistance \u00e0 Ma\u00eetrise d\u2019Usage (AMU)<\/strong> pour int\u00e9grer la parole et l\u2019exp\u00e9rience des usagers d\u00e8s la <strong>conception<\/strong>, la <strong>r\u00e9novation<\/strong> ou <strong>l\u2019\u00e9valuation de projets<\/strong> dans leurs fonctionnements actuels ou futurs. Cela inclut notamment :<br>&#8211; la <strong>planification\/programmation sociale et d\u2019usages<\/strong> (en lien avec la planification\/programmation urbaine, technique\u2026),<br>&#8211; l\u2019accompagnement de projets de <strong>quartiers, immeubles, bureaux ou espaces collectifs<\/strong> (tiers-lieux, espaces partag\u00e9s, \u00e9quipements sportifs, etc.).<\/p>\n\n\n\n<p class=\"has-text-align-left\">Cette d\u00e9marche permet \u00e9galement de se positionner comme <strong>facilitatrice-m\u00e9diatrice<\/strong> dans des contextes urbains et sociaux complexes, afin de <strong>favoriser le dialogue<\/strong> entre concepteurs, \u00e9quipes techniques, institutions et habitants.<\/p>\n<\/div>\n<\/div>\n\n\n\n<details class=\"wp-block-details is-layout-flow wp-block-details-is-layout-flow\"><summary>\ud83e\udde9 <em><strong>Exemple d&rsquo;un projet conduit<\/strong> :<\/em><\/summary>\n<p>Accompagnement en <strong>AMU du Fonds du Logement<\/strong> (Luxembourg) sur le quartier <em>Wunne Mat der Wooltz \u00e0 Wiltz<\/em>, en int\u00e9grant des futurs usagers dans la conception et l\u2019\u00e9valuation des espaces de vie.<\/p>\n<\/details>\n\n\n\n<div class=\"wp-block-columns has-background is-layout-flex wp-container-core-columns-is-layout-28f84493 wp-block-columns-is-layout-flex\" style=\"border-width:2px;background:linear-gradient(135deg,rgba(88,7,227,0.1) 0%,rgba(224,81,81,0.24) 100%)\">\n<div class=\"wp-block-column is-vertically-aligned-center is-layout-flow wp-block-column-is-layout-flow\" style=\"border-style:none;border-width:0px\">\n<figure class=\"wp-block-image size-full has-custom-border\"><img decoding=\"async\" width=\"1536\" height=\"1024\" src=\"https:\/\/demainsencommun.fr\/wp-content\/uploads\/2025\/10\/image-4.png\" alt=\"\" class=\"wp-image-37\" style=\"border-style:none;border-width:0px\" srcset=\"https:\/\/demainsencommun.fr\/wp-content\/uploads\/2025\/10\/image-4.png 1536w, https:\/\/demainsencommun.fr\/wp-content\/uploads\/2025\/10\/image-4-300x200.png 300w, https:\/\/demainsencommun.fr\/wp-content\/uploads\/2025\/10\/image-4-1024x683.png 1024w\" sizes=\"(max-width: 1536px) 100vw, 1536px\" \/><\/figure>\n<\/div>\n\n\n\n<div class=\"wp-block-column is-layout-flow wp-block-column-is-layout-flow\" style=\"border-style:none;border-width:0px\">\n<h2 class=\"wp-block-heading\"><strong><strong><strong>Elaborer des strat\u00e9gies et des exp\u00e9riences plus humaines<\/strong><\/strong><\/strong><\/h2>\n\n\n\n<p class=\"has-text-align-left\">Imaginer des trajectoires <strong>coh\u00e9rentes, inclusives et utiles <\/strong>qui articulent politiques publiques, pratiques professionnelles et v\u00e9cu des usagers.<\/p>\n\n\n\n<p>Je travaille sur l\u2019<strong>exp\u00e9rience usager (UX sociale)<\/strong>, c\u2019est-\u00e0-dire l\u2019analyse et conception d\u2019exp\u00e9riences plus <strong>lisibles, accessibles et adapt\u00e9es<\/strong> aux publics cibles, qu\u2019il s\u2019agisse d\u2019un service, d\u2019un dispositif ou d\u2019un lieu partag\u00e9.<\/p>\n\n\n\n<p class=\"has-text-align-left\">Je con\u00e7ois \u00e9galement des <strong>strat\u00e9gies territoriales et sociales<\/strong> ancr\u00e9es dans les r\u00e9alit\u00e9s locales, afin d&rsquo;articuler :<br>&#8211; enjeux politiques,<br>&#8211; contraintes op\u00e9rationnelles,<br>&#8211; attentes et usages des publics.<\/p>\n<\/div>\n<\/div>\n\n\n\n<details class=\"wp-block-details is-layout-flow wp-block-details-is-layout-flow\"><summary>\ud83e\udde9 <em><strong>Exemple d&rsquo;un projet conduit <\/strong>:<\/em><\/summary>\n<p>R\u00e9alisation d\u2019un <strong>diagnostic alimentaire et agricole<\/strong> pour la Communaut\u00e9 de Communes de l\u2019Argonne Champenoise et la Communaut\u00e9 de Communes Argonne-Meuse, <strong>int\u00e9gr\u00e9 \u00e0 l&rsquo;\u00e9laboration d&rsquo;un strat\u00e9gie du Projet Alimentaire Territorial (PAT) local,<\/strong> afin d\u2019identifier les leviers d\u2019action partag\u00e9s entre acteurs locaux.<\/p>\n<\/details>\n\n\n\n<div class=\"wp-block-columns has-background is-layout-flex wp-container-core-columns-is-layout-28f84493 wp-block-columns-is-layout-flex\" style=\"border-width:2px;background:linear-gradient(135deg,rgba(227,44,7,0.15) 1%,rgba(222,224,81,0.21) 100%)\">\n<div class=\"wp-block-column is-vertically-aligned-center is-layout-flow wp-block-column-is-layout-flow\">\n<figure class=\"wp-block-image alignfull size-full\"><img loading=\"lazy\" decoding=\"async\" width=\"1536\" height=\"851\" src=\"https:\/\/demainsencommun.fr\/wp-content\/uploads\/2026\/01\/Image-7.png\" alt=\"\" class=\"wp-image-117\" srcset=\"https:\/\/demainsencommun.fr\/wp-content\/uploads\/2026\/01\/Image-7.png 1536w, https:\/\/demainsencommun.fr\/wp-content\/uploads\/2026\/01\/Image-7-300x166.png 300w, https:\/\/demainsencommun.fr\/wp-content\/uploads\/2026\/01\/Image-7-1024x567.png 1024w\" sizes=\"(max-width: 1536px) 100vw, 1536px\" \/><\/figure>\n<\/div>\n\n\n\n<div class=\"wp-block-column is-layout-flow wp-block-column-is-layout-flow\">\n<h2 class=\"wp-block-heading\"><strong><strong><strong>Accompagner la mise en \u0153uvre et \u00e9valuer dans la dur\u00e9e<\/strong><\/strong><\/strong><\/h2>\n\n\n\n<p>Un projet ne s\u2019arr\u00eate pas \u00e0 un diagnostic ou \u00e0 une strat\u00e9gie formalis\u00e9e.<br>J\u2019accompagne \u00e9galement les structures dans la <strong>mise en \u0153uvre op\u00e9rationnelle<\/strong>, le <strong>pilotage<\/strong> et l\u2019<strong>\u00e9valuation<\/strong> des actions engag\u00e9es, ce qui permet :<br>&#8211; d\u2019ajuster les dispositifs en cours de route,<br>&#8211; de coconcevoir des outils pratiques,<br>&#8211; de s\u00e9curiser les changements,<br>&#8211; de renforcer la mont\u00e9e en comp\u00e9tences des \u00e9quipes,<br>&#8211; et de capitaliser sur les apprentissages.<\/p>\n\n\n\n<p class=\"has-text-align-left\">L\u2019\u00e9valuation est pens\u00e9e comme un <strong>outil de progression<\/strong>, et non comme un simple contr\u00f4le : elle sert \u00e0 comprendre ce qui fonctionne, ce qui r\u00e9siste et ce qui peut \u00e9voluer.<\/p>\n<\/div>\n<\/div>\n\n\n\n<details class=\"wp-block-details is-layout-flow wp-block-details-is-layout-flow\"><summary>\ud83e\udde9 <em><strong>Exemple d&rsquo;un projet conduit<\/strong> :<\/em><\/summary>\n<p>Conception et pilotage du programme <strong>Coach Logement<\/strong> (Luxembourg) : diagnostic aupr\u00e8s des m\u00e9nages et \u00e9quipes internes, coordination et mont\u00e9e en comp\u00e9tence inter-acteurs, cocr\u00e9ation d&rsquo;outils p\u00e9dagogiques, suivi des pratiques, \u00e9valuation continue et ajustement du dispositif<em><em><em>.<\/em><\/em><\/em><\/p>\n<\/details>\n\n\n\n<div class=\"wp-block-group has-global-padding is-layout-constrained wp-block-group-is-layout-constrained\">\n<hr class=\"wp-block-separator has-alpha-channel-opacity is-style-wide\"\/>\n\n\n\n<h2 class=\"wp-block-heading has-text-align-center\"><strong>\ud83e\uddf0 Produire et mobiliser des outils concrets et durables<\/strong><\/h2>\n\n\n\n<p>Au-del\u00e0 des recommandations, De Mains en Commun con\u00e7oit, utilise et produit <strong>des outils et supports sur mesure<\/strong> selon les projets, entre autres :<\/p>\n\n\n\n<p>\u00b7 &nbsp;<strong>Canevas d\u2019animation<\/strong> et kits m\u00e9thodologiques.<\/p>\n\n\n\n<p>\u00b7 &nbsp;<strong>Grilles d\u2019observation, questionnaires, guides d\u2019entretien, cartographies d\u2019usages<\/strong> (con\u00e7us avec une attention particuli\u00e8re port\u00e9e au <strong>RGPD<\/strong> et \u00e0 la protection des donn\u00e9es ; utilisation d\u2019outils adapt\u00e9s comme <em>Drag\u2019n Survey<\/em> lorsque pertinent).<\/p>\n\n\n\n<p>\u00b7 &nbsp;<strong>Tableaux de bord \/ bases de donn\u00e9es<\/strong> pour le suivi et l\u2019\u00e9valuation.<\/p>\n\n\n\n<p>\u00b7 &nbsp;<strong>Fiches actions, sc\u00e9narios prospectifs, plans d\u2019action coconstruits<\/strong>.<\/p>\n\n\n\n<p>\u00b7 &nbsp;<strong>Supports de communication et m\u00e9diation <\/strong>(capsules audio\/vid\u00e9o, vid\u00e9o-reportages, articles, supports p\u00e9dagogiques&#8230;).<\/p>\n\n\n\n<p>\u00b7 &nbsp;<strong>Outils d\u2019aide \u00e0 la d\u00e9cision<\/strong> et <strong>rep\u00e9rage des dispositifs financiers mobilisables<\/strong>.<\/p>\n\n\n\n<p>Chaque livrable est pens\u00e9 comme un <strong>levier de continuit\u00e9<\/strong>, r\u00e9utilisable et adaptable par les \u00e9quipes dans la dur\u00e9e.<\/p>\n<\/div>\n\n\n\n<hr class=\"wp-block-separator has-alpha-channel-opacity is-style-wide\"\/>\n\n\n\n<h2 class=\"wp-block-heading has-text-align-center\">\u270d\ufe0f <strong>Comp\u00e9tences r\u00e9dactionnelles et accompagnement \u00e0 l\u2019\u00e9criture de projets<\/strong><\/h2>\n\n\n\n<p>Au-del\u00e0 de l\u2019analyse, de la concertation et de la production d\u2019outils, j\u2019accompagne \u00e9galement les structures dans la <strong>formalisation \u00e9crite de leurs projets<\/strong>, qu\u2019il s\u2019agisse de documents strat\u00e9giques, op\u00e9rationnels ou de dossiers de financement.<\/p>\n\n\n\n<p>Je dispose d\u2019une <strong>solide exp\u00e9rience en accompagnement \u00e0 l\u2019\u00e9criture de projets multi-partenariaux<\/strong>, notamment dans des contextes complexes associant collectivit\u00e9s, associations, bailleurs, institutions et acteurs de terrain.<\/p>\n\n\n\n<p>Mes interventions peuvent porter sur :<\/p>\n\n\n\n<ul class=\"wp-block-list\">\n<li>la <strong>structuration et la clarification des intentions de projet<\/strong>,<\/li>\n\n\n\n<li>la <strong>mise en coh\u00e9rence des objectifs, actions, moyens et indicateurs<\/strong>,<\/li>\n\n\n\n<li>la <strong>r\u00e9daction ou co-r\u00e9daction<\/strong> de dossiers de candidature ou de demandes de financement,<\/li>\n\n\n\n<li>l\u2019<strong>appui m\u00e9thodologique<\/strong> \u00e0 la construction de projets collectifs.<\/li>\n<\/ul>\n\n\n\n<p>J\u2019ai notamment accompagn\u00e9 des projets inscrits dans des dispositifs tels que :<\/p>\n\n\n\n<ul class=\"wp-block-list\">\n<li>programmes europ\u00e9ens ou nationaux (INTERREG, Horizon2020, LEADER),<\/li>\n\n\n\n<li>appels \u00e0 projets territoriaux, sociaux ou environnementaux.<\/li>\n<\/ul>\n\n\n\n<p><strong>Mon apport vise \u00e0 produire des \u00e9crits <\/strong>:<\/p>\n\n\n\n<ul class=\"wp-block-list\">\n<li>clairs, argument\u00e9s et structur\u00e9s,<\/li>\n\n\n\n<li>fid\u00e8les aux r\u00e9alit\u00e9s de terrain,<\/li>\n\n\n\n<li>compr\u00e9hensibles par les partenaires comme par les financeurs,<\/li>\n\n\n\n<li>et align\u00e9s avec les exigences institutionnelles, sans perdre le sens du projet.<\/li>\n<\/ul>\n\n\n\n<blockquote class=\"wp-block-quote is-layout-flow wp-block-quote-is-layout-flow\">\n<p><strong>Mettre des mots justes sur des projets collectifs,<br>c\u2019est aussi une condition pour qu\u2019ils existent, soient financ\u00e9s et durent.<\/strong><\/p>\n<\/blockquote>\n\n\n\n<h2 class=\"wp-block-heading\">Exp\u00e9riences &amp; r\u00e9f\u00e9rences<\/h2>\n\n\n\n<div class=\"wp-block-group has-global-padding is-layout-constrained wp-block-group-is-layout-constrained\">\n<p><em>Certaines exp\u00e9riences pr\u00e9sent\u00e9es ont \u00e9t\u00e9 men\u00e9es dans le cadre de pr\u00e9c\u00e9dentes fonctions salari\u00e9es.<br>Elles nourrissent aujourd\u2019hui mon approche et mes pratiques au sein de De Mains en Commun.<\/em> <\/p>\n<\/div>\n\n\n\n<div class=\"wp-block-columns is-layout-flex wp-container-core-columns-is-layout-28f84493 wp-block-columns-is-layout-flex\">\n<div class=\"wp-block-column is-vertically-aligned-top is-layout-flow wp-block-column-is-layout-flow\" style=\"flex-basis:50%\">\n<figure class=\"wp-block-gallery has-nested-images columns-default is-cropped wp-block-gallery-1 is-layout-flex wp-block-gallery-is-layout-flex\">\n<figure class=\"wp-block-image size-large is-resized is-style-default\"><img loading=\"lazy\" decoding=\"async\" width=\"1024\" height=\"768\" data-id=\"127\" src=\"https:\/\/demainsencommun.fr\/wp-content\/uploads\/2026\/01\/photos2-rendu-1024x768.jpg\" alt=\"\" class=\"wp-image-127\" style=\"width:339px;height:auto\" srcset=\"https:\/\/demainsencommun.fr\/wp-content\/uploads\/2026\/01\/photos2-rendu-1024x768.jpg 1024w, https:\/\/demainsencommun.fr\/wp-content\/uploads\/2026\/01\/photos2-rendu-300x225.jpg 300w, https:\/\/demainsencommun.fr\/wp-content\/uploads\/2026\/01\/photos2-rendu-2000x1500.jpg 2000w\" sizes=\"(max-width: 1024px) 100vw, 1024px\" \/><\/figure>\n\n\n\n<figure class=\"wp-block-image size-large is-resized\"><img loading=\"lazy\" decoding=\"async\" width=\"1024\" height=\"768\" data-id=\"128\" src=\"https:\/\/demainsencommun.fr\/wp-content\/uploads\/2026\/01\/photos1_rendu-edited-1024x768.jpg\" alt=\"\" class=\"wp-image-128\" style=\"width:334px;height:auto\" srcset=\"https:\/\/demainsencommun.fr\/wp-content\/uploads\/2026\/01\/photos1_rendu-edited-1024x768.jpg 1024w, https:\/\/demainsencommun.fr\/wp-content\/uploads\/2026\/01\/photos1_rendu-edited-300x225.jpg 300w, https:\/\/demainsencommun.fr\/wp-content\/uploads\/2026\/01\/photos1_rendu-edited.jpg 1080w\" sizes=\"(max-width: 1024px) 100vw, 1024px\" \/><\/figure>\n\n\n\n<figure class=\"wp-block-image size-large is-resized\"><img loading=\"lazy\" decoding=\"async\" width=\"1024\" height=\"712\" data-id=\"130\" src=\"https:\/\/demainsencommun.fr\/wp-content\/uploads\/2026\/01\/PHOTO_FDL_ateliers2-1024x712.jpg\" alt=\"\" class=\"wp-image-130\" style=\"width:306px;height:auto\" srcset=\"https:\/\/demainsencommun.fr\/wp-content\/uploads\/2026\/01\/PHOTO_FDL_ateliers2-1024x712.jpg 1024w, https:\/\/demainsencommun.fr\/wp-content\/uploads\/2026\/01\/PHOTO_FDL_ateliers2-300x209.jpg 300w, https:\/\/demainsencommun.fr\/wp-content\/uploads\/2026\/01\/PHOTO_FDL_ateliers2-2000x1391.jpg 2000w\" sizes=\"(max-width: 1024px) 100vw, 1024px\" \/><\/figure>\n<\/figure>\n<\/div>\n\n\n\n<div class=\"wp-block-column is-layout-flow wp-block-column-is-layout-flow\" style=\"flex-basis:50%\">\n<figure class=\"wp-block-image size-large is-resized\"><img loading=\"lazy\" decoding=\"async\" width=\"1024\" height=\"768\" src=\"https:\/\/demainsencommun.fr\/wp-content\/uploads\/2026\/01\/PHOTO_FDL_ateliers-edited-1024x768.jpg\" alt=\"\" class=\"wp-image-131\" style=\"aspect-ratio:3\/2;object-fit:cover;width:165px\" srcset=\"https:\/\/demainsencommun.fr\/wp-content\/uploads\/2026\/01\/PHOTO_FDL_ateliers-edited-1024x768.jpg 1024w, https:\/\/demainsencommun.fr\/wp-content\/uploads\/2026\/01\/PHOTO_FDL_ateliers-edited-300x225.jpg 300w, https:\/\/demainsencommun.fr\/wp-content\/uploads\/2026\/01\/PHOTO_FDL_ateliers-edited-2000x1500.jpg 2000w\" sizes=\"(max-width: 1024px) 100vw, 1024px\" \/><\/figure>\n<\/div>\n<\/div>\n\n\n\n<div class=\"wp-block-columns is-layout-flex wp-container-core-columns-is-layout-28f84493 wp-block-columns-is-layout-flex\">\n<div class=\"wp-block-column is-layout-flow wp-block-column-is-layout-flow\" style=\"flex-basis:100%\">\n<div class=\"wp-block-group is-nowrap is-layout-flex wp-container-core-group-is-layout-6c531013 wp-block-group-is-layout-flex\">\n<figure class=\"wp-block-image size-large\"><img loading=\"lazy\" decoding=\"async\" width=\"213\" height=\"104\" src=\"https:\/\/demainsencommun.fr\/wp-content\/uploads\/2026\/01\/logo-ccac.png\" alt=\"\" class=\"wp-image-132\"\/><\/figure>\n\n\n\n<figure class=\"wp-block-image size-full is-resized\"><img loading=\"lazy\" decoding=\"async\" width=\"275\" height=\"229\" src=\"https:\/\/demainsencommun.fr\/wp-content\/uploads\/2026\/01\/logo-ccam-1.png\" alt=\"\" class=\"wp-image-139\" style=\"width:124px;height:auto\"\/><\/figure>\n\n\n\n<figure class=\"wp-block-image size-large\"><img loading=\"lazy\" decoding=\"async\" width=\"192\" height=\"49\" src=\"https:\/\/demainsencommun.fr\/wp-content\/uploads\/2026\/01\/logo_fal.jpg\" alt=\"\" class=\"wp-image-137\"\/><\/figure>\n\n\n\n<figure class=\"wp-block-image size-large is-resized\"><img loading=\"lazy\" decoding=\"async\" width=\"342\" height=\"89\" src=\"https:\/\/demainsencommun.fr\/wp-content\/uploads\/2026\/01\/logo-fdl_wmdw-2.jpg\" alt=\"\" class=\"wp-image-138\" style=\"width:220px;height:auto\" srcset=\"https:\/\/demainsencommun.fr\/wp-content\/uploads\/2026\/01\/logo-fdl_wmdw-2.jpg 342w, https:\/\/demainsencommun.fr\/wp-content\/uploads\/2026\/01\/logo-fdl_wmdw-2-300x78.jpg 300w\" sizes=\"(max-width: 342px) 100vw, 342px\" \/><\/figure>\n<\/div>\n<\/div>\n<\/div>\n\n\n\n<p><em>Pour d&rsquo;autres informations, n&rsquo;h\u00e9sitez pas \u00e0 consulter : <\/em><\/p>\n\n\n\n<div class=\"wp-block-buttons is-layout-flex wp-block-buttons-is-layout-flex\">\n<div class=\"wp-block-button is-style-outline is-style-outline--2\"><a class=\"wp-block-button__link has-white-color has-text-color has-background has-link-color wp-element-button\" href=\"https:\/\/demainsencommun.fr\/?page_id=124\" style=\"border-top-left-radius:15px;border-top-right-radius:15px;border-bottom-left-radius:15px;border-bottom-right-radius:15px;background:linear-gradient(135deg,rgb(6,147,227) 0%,rgb(155,81,224) 100%)\">\ud83d\udc49 Articles &amp; Communications<\/a><\/div>\n<\/div>\n\n\n\n<p><\/p>\n\n\n\n<p><\/p>\n","protected":false},"excerpt":{"rendered":"<p>Des diagnostics ancr\u00e9s, des d\u00e9marches partag\u00e9es Objectif ? Guider les collectivit\u00e9s, bailleurs, associations et acteurs publics ou priv\u00e9s dans leurs projets de transformation \u2014 sociale, organisationnelle, urbaine ou territoriale \u2014 avec une approche \u00e0 la fois&nbsp;humaine, strat\u00e9gique et op\u00e9rationnelle. Qu\u2019il s\u2019agisse de&nbsp;comprendre,&nbsp;agir&nbsp;ou&nbsp;ajuster, De Mains en Commun intervient \u00e0 toutes les \u00e9tapes d\u2019un projet : Mes &hellip; <\/p>\n<p class=\"link-more\"><a href=\"https:\/\/demainsencommun.fr\/?page_id=102\" class=\"more-link\">Lire la suite de<span class=\"screen-reader-text\">\u00ab\u00a0| Etudes \/ Conseils \/ Accompagnement |\u00a0\u00bb<\/span><\/a><\/p>\n","protected":false},"author":1,"featured_media":213,"parent":0,"menu_order":0,"comment_status":"closed","ping_status":"closed","template":"","meta":{"footnotes":""},"class_list":["post-102","page","type-page","status-publish","has-post-thumbnail","hentry"],"featured_media_urls":{"thumbnail":["https:\/\/demainsencommun.fr\/wp-content\/uploads\/2026\/01\/image-page-consult-150x150.png",150,150,true],"medium":["https:\/\/demainsencommun.fr\/wp-content\/uploads\/2026\/01\/image-page-consult-300x200.png",300,200,true],"medium_large":["https:\/\/demainsencommun.fr\/wp-content\/uploads\/2026\/01\/image-page-consult.png",768,512,false],"large":["https:\/\/demainsencommun.fr\/wp-content\/uploads\/2026\/01\/image-page-consult-1024x683.png",950,634,true],"1536x1536":["https:\/\/demainsencommun.fr\/wp-content\/uploads\/2026\/01\/image-page-consult.png",1536,1024,false],"2048x2048":["https:\/\/demainsencommun.fr\/wp-content\/uploads\/2026\/01\/image-page-consult.png",1536,1024,false],"inspiro-featured-image":["https:\/\/demainsencommun.fr\/wp-content\/uploads\/2026\/01\/image-page-consult.png",1536,1024,false],"inspiro-loop":["https:\/\/demainsencommun.fr\/wp-content\/uploads\/2026\/01\/image-page-consult-950x320.png",950,320,true],"inspiro-loop@2x":["https:\/\/demainsencommun.fr\/wp-content\/uploads\/2026\/01\/image-page-consult-1536x640.png",1536,640,true],"portfolio_item-thumbnail":["https:\/\/demainsencommun.fr\/wp-content\/uploads\/2026\/01\/image-page-consult-600x400.png",600,400,true],"portfolio_item-thumbnail@2x":["https:\/\/demainsencommun.fr\/wp-content\/uploads\/2026\/01\/image-page-consult-1200x800.png",1200,800,true],"portfolio_item-masonry":["https:\/\/demainsencommun.fr\/wp-content\/uploads\/2026\/01\/image-page-consult-600x400.png",600,400,true],"portfolio_item-masonry@2x":["https:\/\/demainsencommun.fr\/wp-content\/uploads\/2026\/01\/image-page-consult-1200x800.png",1200,800,true],"portfolio_item-thumbnail_cinema":["https:\/\/demainsencommun.fr\/wp-content\/uploads\/2026\/01\/image-page-consult-800x335.png",800,335,true],"portfolio_item-thumbnail_portrait":["https:\/\/demainsencommun.fr\/wp-content\/uploads\/2026\/01\/image-page-consult-600x900.png",600,900,true],"portfolio_item-thumbnail_portrait@2x":["https:\/\/demainsencommun.fr\/wp-content\/uploads\/2026\/01\/image-page-consult-1200x1024.png",1200,1024,true],"portfolio_item-thumbnail_square":["https:\/\/demainsencommun.fr\/wp-content\/uploads\/2026\/01\/image-page-consult-800x800.png",800,800,true]},"_links":{"self":[{"href":"https:\/\/demainsencommun.fr\/index.php?rest_route=\/wp\/v2\/pages\/102","targetHints":{"allow":["GET"]}}],"collection":[{"href":"https:\/\/demainsencommun.fr\/index.php?rest_route=\/wp\/v2\/pages"}],"about":[{"href":"https:\/\/demainsencommun.fr\/index.php?rest_route=\/wp\/v2\/types\/page"}],"author":[{"embeddable":true,"href":"https:\/\/demainsencommun.fr\/index.php?rest_route=\/wp\/v2\/users\/1"}],"replies":[{"embeddable":true,"href":"https:\/\/demainsencommun.fr\/index.php?rest_route=%2Fwp%2Fv2%2Fcomments&post=102"}],"version-history":[{"count":23,"href":"https:\/\/demainsencommun.fr\/index.php?rest_route=\/wp\/v2\/pages\/102\/revisions"}],"predecessor-version":[{"id":297,"href":"https:\/\/demainsencommun.fr\/index.php?rest_route=\/wp\/v2\/pages\/102\/revisions\/297"}],"wp:featuredmedia":[{"embeddable":true,"href":"https:\/\/demainsencommun.fr\/index.php?rest_route=\/wp\/v2\/media\/213"}],"wp:attachment":[{"href":"https:\/\/demainsencommun.fr\/index.php?rest_route=%2Fwp%2Fv2%2Fmedia&parent=102"}],"curies":[{"name":"wp","href":"https:\/\/api.w.org\/{rel}","templated":true}]}}