{"id":107,"date":"2026-01-09T10:33:48","date_gmt":"2026-01-09T10:33:48","guid":{"rendered":"https:\/\/demainsencommun.fr\/?page_id=107"},"modified":"2026-01-14T11:41:35","modified_gmt":"2026-01-14T11:41:35","slug":"a-propos","status":"publish","type":"page","link":"https:\/\/demainsencommun.fr\/?page_id=107","title":{"rendered":"| \u00c0 propos &#038; contact |"},"content":{"rendered":"\n<div class=\"wp-block-media-text is-stacked-on-mobile\" style=\"border-width:6px;margin-top:0;margin-bottom:0;grid-template-columns:25% auto\"><figure class=\"wp-block-media-text__media\"><img fetchpriority=\"high\" decoding=\"async\" width=\"576\" height=\"1024\" src=\"https:\/\/demainsencommun.fr\/wp-content\/uploads\/2026\/01\/moi-photo-profil-LinkedIn-576x1024.jpg\" alt=\"\" class=\"wp-image-153 size-full\" srcset=\"https:\/\/demainsencommun.fr\/wp-content\/uploads\/2026\/01\/moi-photo-profil-LinkedIn-576x1024.jpg 576w, https:\/\/demainsencommun.fr\/wp-content\/uploads\/2026\/01\/moi-photo-profil-LinkedIn-169x300.jpg 169w, https:\/\/demainsencommun.fr\/wp-content\/uploads\/2026\/01\/moi-photo-profil-LinkedIn.jpg 750w\" sizes=\"(max-width: 576px) 100vw, 576px\" \/><\/figure><div class=\"wp-block-media-text__content\">\n<p>Docteure en sociologie et anthropologie, j\u2019ai fond\u00e9 <strong>De Mains en Commun<\/strong> pour accompagner autrement.<\/p>\n\n\n\n<p>Ma th\u00e8se, intitul\u00e9e <em>\u201cLes op\u00e9rations de r\u00e9novation thermique de maisons individuelles : pratiques de collectifs et de m\u00e9nages (Lorraine)\u201d<\/em>, m\u2019a permis de lier <strong>recherche, action et accompagnement de terrain<\/strong>.<\/p>\n\n\n\n<div class=\"wp-block-buttons is-layout-flex wp-block-buttons-is-layout-flex\">\n<div class=\"wp-block-button is-style-outline is-style-outline--1\"><a class=\"wp-block-button__link has-background wp-element-button\" href=\"https:\/\/theses.fr\/242276938\" style=\"border-width:2px;border-top-left-radius:18px;border-top-right-radius:18px;border-bottom-left-radius:18px;border-bottom-right-radius:18px;background:linear-gradient(90deg,rgba(7,146,227,0.61) 0%,rgba(155,81,224,0.48) 100%);padding-top:5px;padding-right:var(--wp--preset--spacing--x-small);padding-bottom:5px;padding-left:var(--wp--preset--spacing--x-small)\" target=\"_blank\" rel=\"noreferrer noopener\">\ud83d\udc49 Lien vers ma th\u00e8se<\/a><\/div>\n<\/div>\n\n\n\n<p><\/p>\n\n\n\n<p>Depuis, <strong>j\u2019ai \u00e9largi mon champ d\u2019action \u00e0 d\u2019autres secteurs<\/strong> \u2014 alimentation, int\u00e9gration, logement, d\u00e9veloppement territorial et coh\u00e9sion sociale \u2014 tout en conservant le m\u00eame fil conducteur : <strong>partir du terrain, des personnes et de leurs usages pour construire des projets utiles, appropriables et durables.<\/strong><\/p>\n<\/div><\/div>\n\n\n\n<p><\/p>\n\n\n\n<p>Au fil de plus de <strong>10 ans d\u2019exp\u00e9rience<\/strong>, j\u2019ai accompagn\u00e9 des <strong>collectivit\u00e9s, associations, bailleurs et institutions publiques<\/strong>, aussi bien dans des contextes urbains que ruraux, en France et au Luxembourg.<br>Ces exp\u00e9riences m\u2019ont permis de d\u00e9velopper une posture de <strong>facilitatrice-m\u00e9diatrice<\/strong>, \u00e0 l\u2019interface entre d\u00e9cideurs, professionnel\u00b7les et usager\u00b7\u00e8res.<\/p>\n\n\n\n<p>Aujourd\u2019hui, avec <strong>De Mains en Commun<\/strong>, j\u2019interviens comme <strong>consultante ind\u00e9pendante<\/strong> pour concevoir, structurer, former et accompagner des d\u00e9marches qui associent :<\/p>\n\n\n\n<ul class=\"wp-block-list\">\n<li>analyse sociologique,<\/li>\n\n\n\n<li>co-construction avec les acteurs concern\u00e9s,<\/li>\n\n\n\n<li>mise en \u0153uvre op\u00e9rationnelle,<\/li>\n\n\n\n<li>mont\u00e9e en comp\u00e9tences des \u00e9quipes.<\/li>\n<\/ul>\n\n\n\n<p>Je travaille sur des projets complexes, souvent multi-partenariaux, o\u00f9 il s\u2019agit autant de <strong>faire dialoguer des mondes diff\u00e9rents<\/strong> <strong>que de produire des r\u00e9sultats concrets<\/strong>.<\/p>\n\n\n\n<blockquote class=\"wp-block-quote is-style-default has-background has-small-font-size is-layout-flow wp-container-core-quote-is-layout-0a386c5a wp-block-quote-is-layout-flow\" style=\"background:linear-gradient(135deg,rgb(251,253,255) 0%,rgba(81,220,224,0.63) 100%)\">\n<p class=\"has-medium-font-size\" style=\"font-style:italic;font-weight:500\"><em>\u00ab Se r\u00e9unir est un d\u00e9but, rester ensemble est un progr\u00e8s, travailler ensemble est la r\u00e9ussite. \u00bb<\/em><br><strong>Henry Ford<\/strong><\/p>\n<\/blockquote>\n\n\n\n<h2 class=\"wp-block-heading has-primary-color has-text-color has-link-color wp-elements-c995031da4cc4f11223749337177b849\">\u2709\ufe0f <strong>Contact<\/strong><\/h2>\n\n\n\n<p><strong>Mail :&nbsp;<a href=\"mailto:cyrielle.ridacker@demainsencommun.fr\">cyrielle.ridacker@demainsencommun.fr<\/a>&nbsp;<\/strong><\/p>\n\n\n\n<p><\/p>\n","protected":false},"excerpt":{"rendered":"<p>Au fil de plus de 10 ans d\u2019exp\u00e9rience, j\u2019ai accompagn\u00e9 des collectivit\u00e9s, associations, bailleurs et institutions publiques, aussi bien dans des contextes urbains que ruraux, en France et au Luxembourg.Ces exp\u00e9riences m\u2019ont permis de d\u00e9velopper une posture de facilitatrice-m\u00e9diatrice, \u00e0 l\u2019interface entre d\u00e9cideurs, professionnel\u00b7les et usager\u00b7\u00e8res. Aujourd\u2019hui, avec De Mains en Commun, j\u2019interviens comme consultante &hellip; <\/p>\n<p class=\"link-more\"><a href=\"https:\/\/demainsencommun.fr\/?page_id=107\" class=\"more-link\">Lire la suite de<span class=\"screen-reader-text\">\u00ab\u00a0| \u00c0 propos &#038; contact |\u00a0\u00bb<\/span><\/a><\/p>\n","protected":false},"author":1,"featured_media":197,"parent":0,"menu_order":0,"comment_status":"closed","ping_status":"closed","template":"","meta":{"footnotes":""},"class_list":["post-107","page","type-page","status-publish","has-post-thumbnail","hentry"],"featured_media_urls":{"thumbnail":["https:\/\/demainsencommun.fr\/wp-content\/uploads\/2026\/01\/image-page-aproposcontact-150x150.png",150,150,true],"medium":["https:\/\/demainsencommun.fr\/wp-content\/uploads\/2026\/01\/image-page-aproposcontact-300x200.png",300,200,true],"medium_large":["https:\/\/demainsencommun.fr\/wp-content\/uploads\/2026\/01\/image-page-aproposcontact.png",768,512,false],"large":["https:\/\/demainsencommun.fr\/wp-content\/uploads\/2026\/01\/image-page-aproposcontact-1024x683.png",950,634,true],"1536x1536":["https:\/\/demainsencommun.fr\/wp-content\/uploads\/2026\/01\/image-page-aproposcontact.png",1536,1024,false],"2048x2048":["https:\/\/demainsencommun.fr\/wp-content\/uploads\/2026\/01\/image-page-aproposcontact.png",1536,1024,false],"inspiro-featured-image":["https:\/\/demainsencommun.fr\/wp-content\/uploads\/2026\/01\/image-page-aproposcontact.png",1536,1024,false],"inspiro-loop":["https:\/\/demainsencommun.fr\/wp-content\/uploads\/2026\/01\/image-page-aproposcontact-950x320.png",950,320,true],"inspiro-loop@2x":["https:\/\/demainsencommun.fr\/wp-content\/uploads\/2026\/01\/image-page-aproposcontact-1536x640.png",1536,640,true],"portfolio_item-thumbnail":["https:\/\/demainsencommun.fr\/wp-content\/uploads\/2026\/01\/image-page-aproposcontact-600x400.png",600,400,true],"portfolio_item-thumbnail@2x":["https:\/\/demainsencommun.fr\/wp-content\/uploads\/2026\/01\/image-page-aproposcontact-1200x800.png",1200,800,true],"portfolio_item-masonry":["https:\/\/demainsencommun.fr\/wp-content\/uploads\/2026\/01\/image-page-aproposcontact-600x400.png",600,400,true],"portfolio_item-masonry@2x":["https:\/\/demainsencommun.fr\/wp-content\/uploads\/2026\/01\/image-page-aproposcontact-1200x800.png",1200,800,true],"portfolio_item-thumbnail_cinema":["https:\/\/demainsencommun.fr\/wp-content\/uploads\/2026\/01\/image-page-aproposcontact-800x335.png",800,335,true],"portfolio_item-thumbnail_portrait":["https:\/\/demainsencommun.fr\/wp-content\/uploads\/2026\/01\/image-page-aproposcontact-600x900.png",600,900,true],"portfolio_item-thumbnail_portrait@2x":["https:\/\/demainsencommun.fr\/wp-content\/uploads\/2026\/01\/image-page-aproposcontact-1200x1024.png",1200,1024,true],"portfolio_item-thumbnail_square":["https:\/\/demainsencommun.fr\/wp-content\/uploads\/2026\/01\/image-page-aproposcontact-800x800.png",800,800,true]},"_links":{"self":[{"href":"https:\/\/demainsencommun.fr\/index.php?rest_route=\/wp\/v2\/pages\/107","targetHints":{"allow":["GET"]}}],"collection":[{"href":"https:\/\/demainsencommun.fr\/index.php?rest_route=\/wp\/v2\/pages"}],"about":[{"href":"https:\/\/demainsencommun.fr\/index.php?rest_route=\/wp\/v2\/types\/page"}],"author":[{"embeddable":true,"href":"https:\/\/demainsencommun.fr\/index.php?rest_route=\/wp\/v2\/users\/1"}],"replies":[{"embeddable":true,"href":"https:\/\/demainsencommun.fr\/index.php?rest_route=%2Fwp%2Fv2%2Fcomments&post=107"}],"version-history":[{"count":15,"href":"https:\/\/demainsencommun.fr\/index.php?rest_route=\/wp\/v2\/pages\/107\/revisions"}],"predecessor-version":[{"id":288,"href":"https:\/\/demainsencommun.fr\/index.php?rest_route=\/wp\/v2\/pages\/107\/revisions\/288"}],"wp:featuredmedia":[{"embeddable":true,"href":"https:\/\/demainsencommun.fr\/index.php?rest_route=\/wp\/v2\/media\/197"}],"wp:attachment":[{"href":"https:\/\/demainsencommun.fr\/index.php?rest_route=%2Fwp%2Fv2%2Fmedia&parent=107"}],"curies":[{"name":"wp","href":"https:\/\/api.w.org\/{rel}","templated":true}]}}