{"id":124,"date":"2026-01-14T11:58:13","date_gmt":"2026-01-14T11:58:13","guid":{"rendered":"https:\/\/demainsencommun.fr\/?page_id=124"},"modified":"2026-01-14T11:58:13","modified_gmt":"2026-01-14T11:58:13","slug":"articles-communications","status":"publish","type":"page","link":"https:\/\/demainsencommun.fr\/?page_id=124","title":{"rendered":"| Articles &#038; Communications |"},"content":{"rendered":"\n<p>Cette page rassemble des articles, vid\u00e9os et productions r\u00e9alis\u00e9es au fil de mon parcours de recherche, d\u2019exp\u00e9rimentation et d\u2019accompagnement de projets de territoire.<\/p>\n\n\n\n<p>J\u2019y partage des retours d\u2019exp\u00e9rience, des r\u00e9flexions, des r\u00e9cits de terrain et des productions cr\u00e9atives, qui t\u00e9moignent d\u2019une m\u00eame d\u00e9marche :<br>partir des usages, des personnes et des situations v\u00e9cues pour comprendre, relier et agir collectivement.<\/p>\n\n\n\n<p>Certains contenus ont \u00e9t\u00e9 produits dans le cadre de fonctions professionnelles ant\u00e9rieures ou de collaborations pass\u00e9es ; ils nourrissent aujourd\u2019hui ma pratique au sein de De Mains en Commun.<\/p>\n\n\n\n<div class=\"wp-block-media-text is-stacked-on-mobile\" style=\"border-width:3px\"><figure class=\"wp-block-media-text__media\"><img fetchpriority=\"high\" decoding=\"async\" width=\"1024\" height=\"683\" src=\"https:\/\/demainsencommun.fr\/wp-content\/uploads\/2026\/01\/Image-article-1024x683.png\" alt=\"\" class=\"wp-image-261 size-full\" srcset=\"https:\/\/demainsencommun.fr\/wp-content\/uploads\/2026\/01\/Image-article-1024x683.png 1024w, https:\/\/demainsencommun.fr\/wp-content\/uploads\/2026\/01\/Image-article-300x200.png 300w, https:\/\/demainsencommun.fr\/wp-content\/uploads\/2026\/01\/Image-article.png 1536w\" sizes=\"(max-width: 1024px) 100vw, 1024px\" \/><\/figure><div class=\"wp-block-media-text__content\">\n<h2 class=\"wp-block-heading\"><a href=\"https:\/\/demainsencommun.fr\/?p=241\">L\u2019Assistance \u00e0 Ma\u00eetrise d\u2019Usage, une d\u00e9marche d\u00e9mocratique innovante | De Mains en Commun<\/a><\/h2>\n<\/div><\/div>\n\n\n\n<div class=\"wp-block-media-text is-stacked-on-mobile\" style=\"border-width:3px\"><figure class=\"wp-block-media-text__media\"><img fetchpriority=\"high\" decoding=\"async\" width=\"1024\" height=\"683\" src=\"https:\/\/demainsencommun.fr\/wp-content\/uploads\/2026\/01\/Image-article-1024x683.png\" alt=\"\" class=\"wp-image-261 size-full\" srcset=\"https:\/\/demainsencommun.fr\/wp-content\/uploads\/2026\/01\/Image-article-1024x683.png 1024w, https:\/\/demainsencommun.fr\/wp-content\/uploads\/2026\/01\/Image-article-300x200.png 300w, https:\/\/demainsencommun.fr\/wp-content\/uploads\/2026\/01\/Image-article.png 1536w\" sizes=\"(max-width: 1024px) 100vw, 1024px\" \/><\/figure><div class=\"wp-block-media-text__content\">\n<h2 class=\"wp-block-heading\"><a href=\"https:\/\/demainsencommun.fr\/?p=239\" data-type=\"link\" data-id=\"https:\/\/demainsencommun.fr\/?p=239\">AMU et r\u00f4le du sociologue dans les projets urbains et de transition | De Mains en Commun<\/a><\/h2>\n<\/div><\/div>\n\n\n\n<div class=\"wp-block-media-text is-stacked-on-mobile\" style=\"border-width:3px\"><figure class=\"wp-block-media-text__media\"><img fetchpriority=\"high\" decoding=\"async\" width=\"1024\" height=\"683\" src=\"https:\/\/demainsencommun.fr\/wp-content\/uploads\/2026\/01\/Image-article-1024x683.png\" alt=\"\" class=\"wp-image-261 size-full\" srcset=\"https:\/\/demainsencommun.fr\/wp-content\/uploads\/2026\/01\/Image-article-1024x683.png 1024w, https:\/\/demainsencommun.fr\/wp-content\/uploads\/2026\/01\/Image-article-300x200.png 300w, https:\/\/demainsencommun.fr\/wp-content\/uploads\/2026\/01\/Image-article.png 1536w\" sizes=\"(max-width: 1024px) 100vw, 1024px\" \/><\/figure><div class=\"wp-block-media-text__content\">\n<h2 class=\"wp-block-heading\"><a href=\"https:\/\/demainsencommun.fr\/?p=290\" data-type=\"link\" data-id=\"https:\/\/demainsencommun.fr\/?p=290\">Quand la ville se construit avec ses habitants \u2013 AMU et projet Wunne Mat der Wooltz \u00e0 Wiltz avec le Fonds du Logement | De Mains en Commun<\/a><\/h2>\n<\/div><\/div>\n\n\n\n<div class=\"wp-block-media-text is-stacked-on-mobile\" style=\"border-width:3px\"><figure class=\"wp-block-media-text__media\"><img decoding=\"async\" width=\"1024\" height=\"683\" src=\"https:\/\/demainsencommun.fr\/wp-content\/uploads\/2026\/01\/Image-video-1024x683.png\" alt=\"\" class=\"wp-image-267 size-full\" srcset=\"https:\/\/demainsencommun.fr\/wp-content\/uploads\/2026\/01\/Image-video-1024x683.png 1024w, https:\/\/demainsencommun.fr\/wp-content\/uploads\/2026\/01\/Image-video-300x200.png 300w, https:\/\/demainsencommun.fr\/wp-content\/uploads\/2026\/01\/Image-video-600x400.png 600w, https:\/\/demainsencommun.fr\/wp-content\/uploads\/2026\/01\/Image-video-1200x800.png 1200w, https:\/\/demainsencommun.fr\/wp-content\/uploads\/2026\/01\/Image-video.png 1536w\" sizes=\"(max-width: 1024px) 100vw, 1024px\" \/><\/figure><div class=\"wp-block-media-text__content\">\n<h2 class=\"wp-block-heading\"><a href=\"https:\/\/demainsencommun.fr\/?p=243\" data-type=\"link\" data-id=\"https:\/\/demainsencommun.fr\/?p=239\">Transition territoriale et action collective \u2013 Saulnes 2030 | De Mains en Commun<\/a><\/h2>\n<\/div><\/div>\n\n\n\n<div class=\"wp-block-media-text is-stacked-on-mobile\" style=\"border-width:3px\"><figure class=\"wp-block-media-text__media\"><img fetchpriority=\"high\" decoding=\"async\" width=\"1024\" height=\"683\" src=\"https:\/\/demainsencommun.fr\/wp-content\/uploads\/2026\/01\/Image-article-1024x683.png\" alt=\"\" class=\"wp-image-261 size-full\" srcset=\"https:\/\/demainsencommun.fr\/wp-content\/uploads\/2026\/01\/Image-article-1024x683.png 1024w, https:\/\/demainsencommun.fr\/wp-content\/uploads\/2026\/01\/Image-article-300x200.png 300w, https:\/\/demainsencommun.fr\/wp-content\/uploads\/2026\/01\/Image-article.png 1536w\" sizes=\"(max-width: 1024px) 100vw, 1024px\" \/><\/figure><div class=\"wp-block-media-text__content\">\n<h2 class=\"wp-block-heading\"><strong><a href=\"https:\/\/demainsencommun.fr\/?p=237\" data-type=\"link\" data-id=\"https:\/\/demainsencommun.fr\/?p=239\">R\u00e9novation \u00e9nerg\u00e9tique, action collective et pouvoirs publics | De Mains en Commun<\/a><\/strong><\/h2>\n<\/div><\/div>\n\n\n\n<div class=\"wp-block-media-text is-stacked-on-mobile\" style=\"border-width:3px\"><figure class=\"wp-block-media-text__media\"><img decoding=\"async\" width=\"1024\" height=\"683\" src=\"https:\/\/demainsencommun.fr\/wp-content\/uploads\/2026\/01\/Image-video-1024x683.png\" alt=\"\" class=\"wp-image-267 size-full\" srcset=\"https:\/\/demainsencommun.fr\/wp-content\/uploads\/2026\/01\/Image-video-1024x683.png 1024w, https:\/\/demainsencommun.fr\/wp-content\/uploads\/2026\/01\/Image-video-300x200.png 300w, https:\/\/demainsencommun.fr\/wp-content\/uploads\/2026\/01\/Image-video-600x400.png 600w, https:\/\/demainsencommun.fr\/wp-content\/uploads\/2026\/01\/Image-video-1200x800.png 1200w, https:\/\/demainsencommun.fr\/wp-content\/uploads\/2026\/01\/Image-video.png 1536w\" sizes=\"(max-width: 1024px) 100vw, 1024px\" \/><\/figure><div class=\"wp-block-media-text__content\">\n<h2 class=\"wp-block-heading\"><strong><a href=\"https:\/\/demainsencommun.fr\/?p=235\" data-type=\"link\" data-id=\"https:\/\/demainsencommun.fr\/?p=235\">Cr\u00e9ativit\u00e9 et parcours doctoral \u2013 Prix A\u2019Doc 2018 | De Mains en Commun<\/a><\/strong><\/h2>\n<\/div><\/div>\n\n\n\n<div class=\"wp-block-media-text is-stacked-on-mobile\" style=\"border-width:3px\"><figure class=\"wp-block-media-text__media\"><img decoding=\"async\" width=\"1024\" height=\"683\" src=\"https:\/\/demainsencommun.fr\/wp-content\/uploads\/2026\/01\/image-mathese-1024x683.png\" alt=\"\" class=\"wp-image-270 size-full\" srcset=\"https:\/\/demainsencommun.fr\/wp-content\/uploads\/2026\/01\/image-mathese-1024x683.png 1024w, https:\/\/demainsencommun.fr\/wp-content\/uploads\/2026\/01\/image-mathese-300x200.png 300w, https:\/\/demainsencommun.fr\/wp-content\/uploads\/2026\/01\/image-mathese-600x400.png 600w, https:\/\/demainsencommun.fr\/wp-content\/uploads\/2026\/01\/image-mathese-1200x800.png 1200w, https:\/\/demainsencommun.fr\/wp-content\/uploads\/2026\/01\/image-mathese.png 1536w\" sizes=\"(max-width: 1024px) 100vw, 1024px\" \/><\/figure><div class=\"wp-block-media-text__content\">\n<h2 class=\"wp-block-heading\"><strong><a href=\"https:\/\/demainsencommun.fr\/?p=245\" data-type=\"link\" data-id=\"https:\/\/demainsencommun.fr\/?p=235\">Les op\u00e9rations de r\u00e9novation thermique de maisons individuelles : pratiques de collectifs et de m\u00e9nages (Lorraine) (2019)<\/a><\/strong><\/h2>\n<\/div><\/div>\n\n\n\n<p><\/p>\n","protected":false},"excerpt":{"rendered":"<p>Cette page rassemble des articles, vid\u00e9os et productions r\u00e9alis\u00e9es au fil de mon parcours de recherche, d\u2019exp\u00e9rimentation et d\u2019accompagnement de projets de territoire. J\u2019y partage des retours d\u2019exp\u00e9rience, des r\u00e9flexions, des r\u00e9cits de terrain et des productions cr\u00e9atives, qui t\u00e9moignent d\u2019une m\u00eame d\u00e9marche :partir des usages, des personnes et des situations v\u00e9cues pour comprendre, relier &hellip; <\/p>\n<p class=\"link-more\"><a href=\"https:\/\/demainsencommun.fr\/?page_id=124\" class=\"more-link\">Lire la suite de<span class=\"screen-reader-text\">\u00ab\u00a0| Articles &#038; Communications |\u00a0\u00bb<\/span><\/a><\/p>\n","protected":false},"author":1,"featured_media":0,"parent":0,"menu_order":0,"comment_status":"closed","ping_status":"closed","template":"","meta":{"footnotes":""},"class_list":["post-124","page","type-page","status-publish","hentry"],"featured_media_urls":[],"_links":{"self":[{"href":"https:\/\/demainsencommun.fr\/index.php?rest_route=\/wp\/v2\/pages\/124","targetHints":{"allow":["GET"]}}],"collection":[{"href":"https:\/\/demainsencommun.fr\/index.php?rest_route=\/wp\/v2\/pages"}],"about":[{"href":"https:\/\/demainsencommun.fr\/index.php?rest_route=\/wp\/v2\/types\/page"}],"author":[{"embeddable":true,"href":"https:\/\/demainsencommun.fr\/index.php?rest_route=\/wp\/v2\/users\/1"}],"replies":[{"embeddable":true,"href":"https:\/\/demainsencommun.fr\/index.php?rest_route=%2Fwp%2Fv2%2Fcomments&post=124"}],"version-history":[{"count":9,"href":"https:\/\/demainsencommun.fr\/index.php?rest_route=\/wp\/v2\/pages\/124\/revisions"}],"predecessor-version":[{"id":293,"href":"https:\/\/demainsencommun.fr\/index.php?rest_route=\/wp\/v2\/pages\/124\/revisions\/293"}],"wp:attachment":[{"href":"https:\/\/demainsencommun.fr\/index.php?rest_route=%2Fwp%2Fv2%2Fmedia&parent=124"}],"curies":[{"name":"wp","href":"https:\/\/api.w.org\/{rel}","templated":true}]}}