{"id":18,"date":"2025-10-15T19:58:29","date_gmt":"2025-10-15T19:58:29","guid":{"rendered":"https:\/\/demainsencommun.fr\/?page_id=18"},"modified":"2026-01-14T13:04:00","modified_gmt":"2026-01-14T13:04:00","slug":"page-daccueil","status":"publish","type":"page","link":"https:\/\/demainsencommun.fr\/","title":{"rendered":"\ud83d\udd90 De Mains en Commun |"},"content":{"rendered":"\n<div class=\"wp-block-cover is-light has-aspect-ratio\" style=\"border-width:30px;border-top-left-radius:5px;border-top-right-radius:5px;border-bottom-left-radius:5px;border-bottom-right-radius:5px;min-height:200px;aspect-ratio:auto;min-height:unset;\"><video class=\"wp-block-cover__video-background intrinsic-ignore\" autoplay muted loop playsinline src=\"https:\/\/demainsencommun.fr\/wp-content\/uploads\/2026\/01\/video-banniere.mp4\" poster=\"https:\/\/demainsencommun.fr\/wp-content\/uploads\/2026\/01\/video-banniere-1.mp4\" style=\"object-position:0% 100%\" data-object-fit=\"cover\" data-object-position=\"0% 100%\"><\/video><span aria-hidden=\"true\" class=\"wp-block-cover__background has-background-dim-10 has-background-dim\" style=\"background-color:#FFF\"><\/span><div class=\"wp-block-cover__inner-container has-global-padding is-layout-constrained wp-container-core-cover-is-layout-ac1532a6 wp-block-cover-is-layout-constrained\">\n<p class=\"has-text-align-center has-white-color has-text-color has-max-60-font-size\" style=\"font-style:normal;font-weight:900;line-height:1.2\"><strong><strong>Comprendre, relier, agir :<\/strong> <\/strong><\/p>\n\n\n\n<p><\/p>\n\n\n\n<p><\/p>\n\n\n\n<p><\/p>\n\n\n\n<p><\/p>\n\n\n\n<p class=\"has-text-align-center has-white-color has-text-color has-max-48-font-size\" style=\"font-style:normal;font-weight:900;line-height:1.2\"><mark style=\"background-color:rgba(0, 0, 0, 0)\" class=\"has-inline-color has-white-color\"><strong><strong>Faire avec, pour et par <\/strong><\/strong><\/mark><\/p>\n\n\n\n<p class=\"has-text-align-center has-white-color has-text-color has-max-48-font-size\" style=\"font-style:normal;font-weight:900;line-height:1.2\"><mark style=\"background-color:rgba(0, 0, 0, 0)\" class=\"has-inline-color has-white-color\"><strong><strong>les personnes concern\u00e9e<\/strong>s<\/strong><\/mark><\/p>\n\n\n\n<p><\/p>\n\n\n\n<p><\/p>\n\n\n\n<p class=\"has-text-align-center has-white-color has-text-color has-medium-font-size\"><strong>De Mains en Commun<\/strong><br><strong>Conseil \u2013 Formation \u2013 Accompagnement des dynamiques de territoire<\/strong><br><em>En France et au Luxembourg<\/em><\/p>\n<\/div><\/div>\n\n\n\n<h1 class=\"wp-block-heading has-text-align-center\"><strong>De Mains en Commun (DMC)<\/strong> <\/h1>\n\n\n\n<div class=\"wp-block-group has-global-padding is-layout-constrained wp-block-group-is-layout-constrained\">\n<p class=\"has-text-align-center\">est une entreprise individuelle de <strong>conseil, de formation et d\u2019accompagnement<\/strong>, n\u00e9e d\u2019un d\u00e9sir simple :<br>\ud83d\udc49 <strong>mettre l\u2019humain et l\u2019usage au c\u0153ur des projets<\/strong>.<\/p>\n\n\n\n<p class=\"has-text-align-center\">\u00c0 la crois\u00e9e de la <strong>sociologie<\/strong>, de l\u2019<strong>innovation sociale<\/strong>, de la <strong>facilitation<\/strong> et de l\u2019<strong>Assistance \u00e0 Ma\u00eetrise d\u2019Usage (AMU)<\/strong>, je con\u00e7ois des d\u00e9marches <strong>sur mesure<\/strong> qui relient <strong>analyse, co-construction et action<\/strong>.<\/p>\n\n\n\n<p class=\"has-text-align-center\">J\u2019interviens \u00e9galement en <strong>formation et sensibilisation<\/strong>, pour accompagner la <strong>mont\u00e9e en comp\u00e9tences des professionnel\u00b7les<\/strong>, renforcer les pratiques de terrain et favoriser des transformations durables, individuelles et collectives.<\/p>\n<\/div>\n\n\n\n<blockquote class=\"wp-block-quote has-text-align-center is-style-default has-primary-color has-text-color has-background has-link-color has-medium-font-size wp-elements-472f008387347872de92c1b86d79d741 is-layout-flow wp-block-quote-is-layout-flow\" style=\"background:radial-gradient(rgba(56,235,220,0.5) 0%,rgba(46,88,179,0.55) 100%);padding-top:0;padding-right:0;padding-bottom:0;padding-left:0\">\n<p><em>Ici, on <strong>\u00e9change <\/strong>en fabriquant.<br>On <strong>comprend <\/strong>en observant.<br>On <strong>agit <\/strong>en r\u00e9fl\u00e9chissant.<br>On <strong>forme <\/strong>en cr\u00e9ant du lien.<\/em><\/p>\n<\/blockquote>\n\n\n\n<p class=\"has-text-align-center\"><strong>De Mains en Commun<\/strong>, c\u2019est le lien entre <strong>institutions et habitants<\/strong>,<br>entre <strong>d\u00e9cideurs et usager\u00b7\u00e8res<\/strong>,<br>entre <strong>terrain et strat\u00e9gie<\/strong>.<\/p>\n\n\n\n<p class=\"has-text-align-left\">J\u2019accompagne aussi bien les <strong>structures publiques<\/strong> que les <strong>organisations priv\u00e9es<\/strong> qui souhaitent :<\/p>\n\n\n\n<ul class=\"wp-block-list\">\n<li>repenser leurs pratiques,<\/li>\n\n\n\n<li>mieux comprendre leurs publics,<\/li>\n\n\n\n<li>am\u00e9liorer leurs espaces et leurs dispositifs,<\/li>\n\n\n\n<li>faire \u00e9voluer leurs modes de fonctionnement.<\/li>\n<\/ul>\n\n\n\n<p class=\"has-text-align-center\"><strong>Demain, c\u2019est \u201cde mains\u201d qu\u2019on le construit.<\/strong><\/p>\n\n\n\n<hr class=\"wp-block-separator has-alpha-channel-opacity is-style-wide\"\/>\n\n\n\n<h1 class=\"wp-block-heading has-text-align-center\">\ud83e\udded Services et expertises<\/h1>\n\n\n\n<h4 class=\"wp-block-heading has-text-align-center has-medium-font-size\"><mark style=\"background-color:rgba(0, 0, 0, 0);color:#222c7b\" class=\"has-inline-color\"><strong>Consultance \/ Conseil \/ Accompagnement<\/strong><br><em><strong>Diagnostics participatifs, AMU, strat\u00e9gies territoriales, exp\u00e9rience usager, am\u00e9lioration des organisations<\/strong><\/em><\/mark><\/h4>\n\n\n\n<div class=\"wp-block-buttons is-content-justification-center is-layout-flex wp-container-core-buttons-is-layout-a89b3969 wp-block-buttons-is-layout-flex\">\n<div class=\"wp-block-button is-style-outline is-style-outline--1\"><a class=\"wp-block-button__link has-white-color has-text-color has-background has-link-color wp-element-button\" href=\"https:\/\/demainsencommun.fr\/?page_id=102\" style=\"background-color:#1c2a82\" target=\"_blank\" rel=\"noreferrer noopener\">\ud83d\udc49 D\u00e9couvrir la consultance<\/a><\/div>\n<\/div>\n\n\n\n<h4 class=\"wp-block-heading has-text-align-center has-medium-font-size\"><mark style=\"background-color:rgba(0, 0, 0, 0);color:#3f8c9e\" class=\"has-inline-color\"><strong>Formations \/ Sensibilisations<\/strong><br><em><strong><em>Formations participatives et sur mesure : cohabitation, communication, habitat durable, \u00e9nergie, pr\u00e9vention<\/em><\/strong><\/em><\/mark><\/h4>\n\n\n\n<div class=\"wp-block-buttons is-content-justification-center is-layout-flex wp-container-core-buttons-is-layout-a89b3969 wp-block-buttons-is-layout-flex\">\n<div class=\"wp-block-button is-style-outline is-style-outline--2\"><a class=\"wp-block-button__link has-secondary-background-color has-background wp-element-button\" href=\"https:\/\/demainsencommun.fr\/?page_id=105\" target=\"_blank\" rel=\"noreferrer noopener\">\ud83d\udc49 D\u00e9couvrir les formations<\/a><\/div>\n<\/div>\n\n\n\n<p><\/p>\n\n\n\n<hr class=\"wp-block-separator has-alpha-channel-opacity is-style-wide\" style=\"margin-top:0;margin-bottom:0\"\/>\n\n\n\n<h1 class=\"wp-block-heading has-text-align-center\">\ud83d\udcf0 Actualit\u00e9s<\/h1>\n\n\n\n<div class=\"wp-block-columns is-layout-flex wp-container-core-columns-is-layout-28f84493 wp-block-columns-is-layout-flex\">\n<div class=\"wp-block-column is-layout-flow wp-block-column-is-layout-flow\" style=\"flex-basis:25%\">\n<figure class=\"wp-block-image aligncenter size-large is-resized\"><img fetchpriority=\"high\" decoding=\"async\" width=\"768\" height=\"1024\" src=\"https:\/\/demainsencommun.fr\/wp-content\/uploads\/2026\/01\/photo-ertf-fin-sst_janvier2026-768x1024.jpg\" alt=\"\" class=\"wp-image-144\" style=\"aspect-ratio:0.750016053425801;object-fit:cover;width:200px\" srcset=\"https:\/\/demainsencommun.fr\/wp-content\/uploads\/2026\/01\/photo-ertf-fin-sst_janvier2026-768x1024.jpg 768w, https:\/\/demainsencommun.fr\/wp-content\/uploads\/2026\/01\/photo-ertf-fin-sst_janvier2026-225x300.jpg 225w, https:\/\/demainsencommun.fr\/wp-content\/uploads\/2026\/01\/photo-ertf-fin-sst_janvier2026-2000x2667.jpg 2000w, https:\/\/demainsencommun.fr\/wp-content\/uploads\/2026\/01\/photo-ertf-fin-sst_janvier2026-scaled.jpg 1920w\" sizes=\"(max-width: 768px) 100vw, 768px\" \/><figcaption class=\"wp-element-caption\"><em>Validation du SST au sein du Groupe ERTF \u00e0 Heillecourt<\/em><\/figcaption><\/figure>\n<\/div>\n\n\n\n<div class=\"wp-block-column is-vertically-aligned-center is-layout-flow wp-block-column-is-layout-flow\" style=\"flex-basis:66.66%\">\n<h2 class=\"wp-block-heading has-text-align-left\">\ud83c\udd95 <strong>Validation du SST \u2013 Sauveteur Secouriste du Travail<\/strong> !<\/h2>\n\n\n\n<p class=\"has-text-align-left\"><br><strong>Deux journ\u00e9es de formation pour <\/strong>renforcer mes comp\u00e9tences en pr\u00e9vention, s\u00e9curit\u00e9 et gestes qui sauvent.<br><br><strong>Cette certification <\/strong>nourrit le d\u00e9veloppement de nouvelles formations autour du SST<strong>, en entreprise, \u00e0 domicile et dans les r\u00e9sidences sociales.<\/strong><\/p>\n<\/div>\n<\/div>\n\n\n\n<h2 class=\"wp-block-heading\">\ud83c\udd95 Certification FEDAS \u2013 Formation &amp; pr\u00e9vention<\/h2>\n\n\n\n<p>Je suis d\u00e9sormais <strong>certifi\u00e9e et accr\u00e9dit\u00e9e par la FEDAS<\/strong> (Luxembourg) en tant que formatrice, pour <br>&#8211; la <strong>dispense de formations non p\u00e9dagogiques pour le domaine \u00ab sant\u00e9 et s\u00e9curit\u00e9 au travail \u00bb<\/strong><br>&#8211; ainsi que dans le cadre du <strong>r\u00e9f\u00e9rentiel national de l\u2019aide \u00e0 l\u2019enfance et \u00e0 la famille<\/strong>.<\/p>\n\n\n\n<p>Cette certification, valable <strong>5 ans<\/strong>, vient renforcer et structurer le d\u00e9veloppement de <strong>formations en pr\u00e9vention, s\u00e9curit\u00e9 et gestion des risques<\/strong>, en lien avec les pratiques de terrain et les besoins des structures.<\/p>\n\n\n\n<p class=\"has-text-align-center\"><em>Pour suivre l&rsquo;actualit\u00e9 de De Mains en Commun, cliquez sur l&rsquo;image :<\/em><\/p>\n\n\n\n<figure class=\"wp-block-image aligncenter size-full is-resized\"><a href=\"http:\/\/www.linkedin.com\/in\/cyrielle-ridacker-dmc\" target=\"_blank\" rel=\" noreferrer noopener\"><img decoding=\"async\" width=\"225\" height=\"225\" src=\"https:\/\/demainsencommun.fr\/wp-content\/uploads\/2026\/01\/linkedin.png\" alt=\"\" class=\"wp-image-148\" style=\"width:39px;height:auto\" srcset=\"https:\/\/demainsencommun.fr\/wp-content\/uploads\/2026\/01\/linkedin.png 225w, https:\/\/demainsencommun.fr\/wp-content\/uploads\/2026\/01\/linkedin-150x150.png 150w\" sizes=\"(max-width: 225px) 100vw, 225px\" \/><\/a><\/figure>\n\n\n\n<hr class=\"wp-block-separator has-alpha-channel-opacity\"\/>\n\n\n\n<div class=\"wp-block-group has-global-padding is-layout-constrained wp-block-group-is-layout-constrained\">\n<h2 class=\"wp-block-heading\">Derri\u00e8re De Mains en Commun<\/h2>\n\n\n\n<blockquote class=\"wp-block-quote is-layout-flow wp-block-quote-is-layout-flow\">\n<p>Je suis Cyrielle Ridacker, docteure en sociologie et fondatrice de De Mains en Commun.<br>J\u2019accompagne depuis plus de 10 ans collectivit\u00e9s, associations et acteurs de terrain dans leurs projets de transformation sociale, territoriale et organisationnelle.<\/p>\n\n\n\n<p>Mon approche : une sociologie de terrain, collaborative et concr\u00e8te.<\/p>\n<\/blockquote>\n\n\n\n<h3 class=\"wp-block-heading\">\u2709\ufe0f <strong>Contact<\/strong><\/h3>\n\n\n\n<p><em>Un projet, une question, une envie d\u2019\u00e9changer ?<\/em><\/p>\n\n\n\n<div class=\"wp-block-buttons is-layout-flex wp-block-buttons-is-layout-flex\">\n<div class=\"wp-block-button is-style-outline is-style-outline--3\"><a class=\"wp-block-button__link has-background wp-element-button\" href=\"https:\/\/demainsencommun.fr\/?page_id=107\" style=\"border-top-left-radius:17px;border-top-right-radius:17px;border-bottom-left-radius:17px;border-bottom-right-radius:17px;background:linear-gradient(135deg,rgba(7,146,227,0) 0%,rgba(155,81,224,0.4) 100%)\" target=\"_blank\" rel=\"noreferrer noopener\">\ud83d\udc49 En savoir plus et me contacter<\/a><\/div>\n<\/div>\n<\/div>\n\n\n\n<div class=\"wp-block-cover alignfull has-parallax is-position-center-center\" style=\"border-radius:0px;min-height:270px;aspect-ratio:unset;\"><div class=\"wp-block-cover__image-background wp-image-24 has-parallax\" style=\"background-position:50% 50%;background-image:url(https:\/\/demainsencommun.fr\/wp-content\/themes\/inspiro\/assets\/images\/StockSnap_M6D1GS9PSL.jpg)\"><\/div><span aria-hidden=\"true\" class=\"wp-block-cover__background has-black-background-color has-background-dim-40 has-background-dim\"><\/span><div class=\"wp-block-cover__inner-container is-layout-flow wp-block-cover-is-layout-flow\">\n<div class=\"wp-block-group alignwide has-global-padding is-layout-constrained wp-block-group-is-layout-constrained\">\n<h3 class=\"wp-block-heading has-text-align-center has-text-color has-medium-font-size\" style=\"color:#fffffa;text-transform:uppercase\">De mains en commun<\/h3>\n\n\n\n<p class=\"has-text-align-center\"><strong>Cyrielle RIDACKER<\/strong> <\/p>\n\n\n\n<p class=\"has-text-align-center\">Docteure en sociologie \u2013 consultante ind\u00e9pendante<br>Fondatrice et g\u00e9rante \u2013 De Mains en Commun<br><strong><u>Mail<\/u>&nbsp;:&nbsp;<mark style=\"background-color:rgba(0, 0, 0, 0)\" class=\"has-inline-color has-white-color\"><a href=\"mailto:cyrielle.ridacker@demainsencommun.fr\">cyrielle.ridacker@demainsencommun.fr<\/a>&nbsp;<\/mark><\/strong><\/p>\n\n\n\n<figure class=\"wp-block-image aligncenter size-full is-resized\"><img decoding=\"async\" width=\"815\" height=\"827\" src=\"https:\/\/demainsencommun.fr\/wp-content\/uploads\/2025\/08\/cropped-Logo-DMC-De-Mains-en-Commun.png\" alt=\"\" class=\"wp-image-23\" style=\"width:181px;height:auto\" srcset=\"https:\/\/demainsencommun.fr\/wp-content\/uploads\/2025\/08\/cropped-Logo-DMC-De-Mains-en-Commun.png 815w, https:\/\/demainsencommun.fr\/wp-content\/uploads\/2025\/08\/cropped-Logo-DMC-De-Mains-en-Commun-296x300.png 296w\" sizes=\"(max-width: 815px) 100vw, 815px\" \/><\/figure>\n<\/div>\n\n\n\n<p class=\"has-text-align-center\"><em>Derni\u00e8re mise \u00e0 jour : janvier 2026<\/em><\/p>\n<\/div><\/div>\n\n\n\n<p><\/p>\n","protected":false},"excerpt":{"rendered":"<p>De Mains en Commun (DMC) Ici, on \u00e9change en fabriquant.On comprend en observant.On agit en r\u00e9fl\u00e9chissant.On forme en cr\u00e9ant du lien. De Mains en Commun, c\u2019est le lien entre institutions et habitants,entre d\u00e9cideurs et usager\u00b7\u00e8res,entre terrain et strat\u00e9gie. J\u2019accompagne aussi bien les structures publiques que les organisations priv\u00e9es qui souhaitent : Demain, c\u2019est \u201cde mains\u201d &hellip; <\/p>\n<p class=\"link-more\"><a href=\"https:\/\/demainsencommun.fr\/\" class=\"more-link\">Lire la suite de<span class=\"screen-reader-text\">\u00ab\u00a0\ud83d\udd90 De Mains en Commun |\u00a0\u00bb<\/span><\/a><\/p>\n","protected":false},"author":1,"featured_media":0,"parent":0,"menu_order":0,"comment_status":"closed","ping_status":"closed","template":"","meta":{"footnotes":""},"class_list":["post-18","page","type-page","status-publish","hentry"],"featured_media_urls":[],"_links":{"self":[{"href":"https:\/\/demainsencommun.fr\/index.php?rest_route=\/wp\/v2\/pages\/18","targetHints":{"allow":["GET"]}}],"collection":[{"href":"https:\/\/demainsencommun.fr\/index.php?rest_route=\/wp\/v2\/pages"}],"about":[{"href":"https:\/\/demainsencommun.fr\/index.php?rest_route=\/wp\/v2\/types\/page"}],"author":[{"embeddable":true,"href":"https:\/\/demainsencommun.fr\/index.php?rest_route=\/wp\/v2\/users\/1"}],"replies":[{"embeddable":true,"href":"https:\/\/demainsencommun.fr\/index.php?rest_route=%2Fwp%2Fv2%2Fcomments&post=18"}],"version-history":[{"count":47,"href":"https:\/\/demainsencommun.fr\/index.php?rest_route=\/wp\/v2\/pages\/18\/revisions"}],"predecessor-version":[{"id":302,"href":"https:\/\/demainsencommun.fr\/index.php?rest_route=\/wp\/v2\/pages\/18\/revisions\/302"}],"wp:attachment":[{"href":"https:\/\/demainsencommun.fr\/index.php?rest_route=%2Fwp%2Fv2%2Fmedia&parent=18"}],"curies":[{"name":"wp","href":"https:\/\/api.w.org\/{rel}","templated":true}]}}